{"id":46,"date":"2025-04-04T13:49:09","date_gmt":"2025-04-04T13:49:09","guid":{"rendered":"https:\/\/xn--natucaaai-w3a.com.br\/?page_id=46"},"modified":"2026-03-03T20:58:06","modified_gmt":"2026-03-03T20:58:06","slug":"quem-somos","status":"publish","type":"page","link":"https:\/\/xn--natucaaai-w3a.com.br\/home\/quem-somos\/","title":{"rendered":"Quem somos"},"content":{"rendered":"\t\t<div data-elementor-type=\"wp-page\" data-elementor-id=\"46\" class=\"elementor elementor-46\" data-elementor-post-type=\"page\">\n\t\t\t\t<div class=\"elementor-element elementor-element-1a9e82c elementor-hidden-desktop elementor-hidden-tablet e-flex e-con-boxed e-con e-parent\" data-id=\"1a9e82c\" data-element_type=\"container\" data-e-type=\"container\" data-settings=\"{&quot;background_background&quot;:&quot;classic&quot;}\">\n\t\t\t\t\t<div class=\"e-con-inner\">\n\t\t<div class=\"elementor-element elementor-element-5e0e4ea e-flex e-con-boxed e-con e-child\" data-id=\"5e0e4ea\" data-element_type=\"container\" data-e-type=\"container\">\n\t\t\t\t\t<div class=\"e-con-inner\">\n\t\t<div class=\"elementor-element elementor-element-784d007 e-flex e-con-boxed e-con e-child\" data-id=\"784d007\" data-element_type=\"container\" data-e-type=\"container\">\n\t\t\t\t\t<div class=\"e-con-inner\">\n\t\t\t\t<div class=\"elementor-element elementor-element-9deeb97 elementor-widget elementor-widget-heading\" data-id=\"9deeb97\" data-element_type=\"widget\" data-e-type=\"widget\" data-widget_type=\"heading.default\">\n\t\t\t\t<div class=\"elementor-widget-container\">\n\t\t\t\t\t<h1 class=\"elementor-heading-title elementor-size-default\">Nossa hist\u00f3ria<\/h1>\t\t\t\t<\/div>\n\t\t\t\t<\/div>\n\t\t\t\t<div class=\"elementor-element elementor-element-e940e81 elementor-widget elementor-widget-text-editor\" data-id=\"e940e81\" data-element_type=\"widget\" data-e-type=\"widget\" data-widget_type=\"text-editor.default\">\n\t\t\t\t<div class=\"elementor-widget-container\">\n\t\t\t\t\t\t\t\t\t<p style=\"text-align: left;\">Com o a\u00e7a\u00ed no topo do ranking de produtos mais consumidos no Brasil, identificamos a grande oportunidade de lan\u00e7ar uma a\u00e7aiteria diferente de todas as outras no mercado, reunindo qualidade, tecnologia e branding em uma \u00fanica marca.<\/p><p style=\"text-align: left;\"><span style=\"letter-spacing: 0px;\">Idealizada com o prop\u00f3sito de redefinir o conceito de a\u00e7aiteria, a Natuca se baseia em tr\u00eas pilares: inova\u00e7\u00e3o, qualidade e conex\u00e3o. Com ambiente leve, descontra\u00eddo e produtos diferenciados, a Natuca \u00e9 a grande aposta do Grupo Lamoia para o ano de 2026. Ao todo, as marcas da holding j\u00e1 somam mais de 160 lojas e 10.000 pontos de venda espalhados por 5 estados e Distrito Federal.<\/span><\/p>\t\t\t\t\t\t\t\t<\/div>\n\t\t\t\t<\/div>\n\t\t\t\t\t<\/div>\n\t\t\t\t<\/div>\n\t\t\t\t<div class=\"elementor-element elementor-element-31e6604 elementor-widget elementor-widget-button\" data-id=\"31e6604\" data-element_type=\"widget\" data-e-type=\"widget\" data-widget_type=\"button.default\">\n\t\t\t\t<div class=\"elementor-widget-container\">\n\t\t\t\t\t\t\t\t\t<div class=\"elementor-button-wrapper\">\n\t\t\t\t\t<a class=\"elementor-button elementor-button-link elementor-size-sm\" href=\"https:\/\/xn--natucaaai-w3a.com.br\/home\/seja-um-lojista\/\">\n\t\t\t\t\t\t<span class=\"elementor-button-content-wrapper\">\n\t\t\t\t\t\t\t\t\t<span class=\"elementor-button-text\">Vem ser Natuca!<\/span>\n\t\t\t\t\t<\/span>\n\t\t\t\t\t<\/a>\n\t\t\t\t<\/div>\n\t\t\t\t\t\t\t\t<\/div>\n\t\t\t\t<\/div>\n\t\t\t\t\t<\/div>\n\t\t\t\t<\/div>\n\t\t<div class=\"elementor-element elementor-element-b55db18 e-flex e-con-boxed e-con e-child\" data-id=\"b55db18\" data-element_type=\"container\" data-e-type=\"container\">\n\t\t\t\t\t<div class=\"e-con-inner\">\n\t\t\t\t<div class=\"elementor-element elementor-element-11be169 elementor-widget elementor-widget-image\" data-id=\"11be169\" data-element_type=\"widget\" data-e-type=\"widget\" data-widget_type=\"image.default\">\n\t\t\t\t<div class=\"elementor-widget-container\">\n\t\t\t\t\t\t\t\t\t\t\t\t\t\t\t<img fetchpriority=\"high\" decoding=\"async\" width=\"2560\" height=\"1920\" src=\"https:\/\/xn--natucaaai-w3a.com.br\/wp-content\/uploads\/2025\/11\/DJI_0393-scaled.jpg\" class=\"attachment-full size-full wp-image-1994\" alt=\"\" srcset=\"https:\/\/xn--natucaaai-w3a.com.br\/wp-content\/uploads\/2025\/11\/DJI_0393-scaled.jpg 2560w, https:\/\/xn--natucaaai-w3a.com.br\/wp-content\/uploads\/2025\/11\/DJI_0393-300x225.jpg 300w, https:\/\/xn--natucaaai-w3a.com.br\/wp-content\/uploads\/2025\/11\/DJI_0393-1024x768.jpg 1024w, https:\/\/xn--natucaaai-w3a.com.br\/wp-content\/uploads\/2025\/11\/DJI_0393-768x576.jpg 768w, https:\/\/xn--natucaaai-w3a.com.br\/wp-content\/uploads\/2025\/11\/DJI_0393-1536x1152.jpg 1536w, https:\/\/xn--natucaaai-w3a.com.br\/wp-content\/uploads\/2025\/11\/DJI_0393-2048x1536.jpg 2048w, https:\/\/xn--natucaaai-w3a.com.br\/wp-content\/uploads\/2025\/11\/DJI_0393-600x450.jpg 600w\" sizes=\"(max-width: 2560px) 100vw, 2560px\" \/>\t\t\t\t\t\t\t\t\t\t\t\t\t\t\t<\/div>\n\t\t\t\t<\/div>\n\t\t\t\t\t<\/div>\n\t\t\t\t<\/div>\n\t\t\t\t\t<\/div>\n\t\t\t\t<\/div>\n\t\t\t\t<\/div>\n\t\t","protected":false},"excerpt":{"rendered":"<p>Nossa hist\u00f3ria Com o a\u00e7a\u00ed no topo do ranking de produtos mais consumidos no Brasil, identificamos a grande oportunidade de lan\u00e7ar uma a\u00e7aiteria diferente de todas as outras no mercado, reunindo qualidade, tecnologia e branding em uma \u00fanica marca. Idealizada com o prop\u00f3sito de redefinir o conceito de a\u00e7aiteria, a Natuca se baseia em tr\u00eas [&hellip;]<\/p>\n","protected":false},"author":1,"featured_media":0,"parent":0,"menu_order":0,"comment_status":"closed","ping_status":"closed","template":"elementor_header_footer","meta":{"footnotes":""},"class_list":["post-46","page","type-page","status-publish","hentry"],"_links":{"self":[{"href":"https:\/\/xn--natucaaai-w3a.com.br\/home\/wp-json\/wp\/v2\/pages\/46","targetHints":{"allow":["GET"]}}],"collection":[{"href":"https:\/\/xn--natucaaai-w3a.com.br\/home\/wp-json\/wp\/v2\/pages"}],"about":[{"href":"https:\/\/xn--natucaaai-w3a.com.br\/home\/wp-json\/wp\/v2\/types\/page"}],"author":[{"embeddable":true,"href":"https:\/\/xn--natucaaai-w3a.com.br\/home\/wp-json\/wp\/v2\/users\/1"}],"replies":[{"embeddable":true,"href":"https:\/\/xn--natucaaai-w3a.com.br\/home\/wp-json\/wp\/v2\/comments?post=46"}],"version-history":[{"count":238,"href":"https:\/\/xn--natucaaai-w3a.com.br\/home\/wp-json\/wp\/v2\/pages\/46\/revisions"}],"predecessor-version":[{"id":3798,"href":"https:\/\/xn--natucaaai-w3a.com.br\/home\/wp-json\/wp\/v2\/pages\/46\/revisions\/3798"}],"wp:attachment":[{"href":"https:\/\/xn--natucaaai-w3a.com.br\/home\/wp-json\/wp\/v2\/media?parent=46"}],"curies":[{"name":"wp","href":"https:\/\/api.w.org\/{rel}","templated":true}]}}