{"id":38,"date":"2025-04-04T13:46:53","date_gmt":"2025-04-04T13:46:53","guid":{"rendered":"https:\/\/xn--natucaaai-w3a.com.br\/?page_id=38"},"modified":"2026-03-12T21:17:27","modified_gmt":"2026-03-12T21:17:27","slug":"lojas","status":"publish","type":"page","link":"https:\/\/xn--natucaaai-w3a.com.br\/home\/lojas\/","title":{"rendered":"Lojas"},"content":{"rendered":"\t\t<div data-elementor-type=\"wp-page\" data-elementor-id=\"38\" class=\"elementor elementor-38\" data-elementor-post-type=\"page\">\n\t\t\t\t<div class=\"elementor-element elementor-element-83452eb e-flex e-con-boxed e-con e-parent\" data-id=\"83452eb\" data-element_type=\"container\" data-e-type=\"container\" data-settings=\"{&quot;background_background&quot;:&quot;classic&quot;}\">\n\t\t\t\t\t<div class=\"e-con-inner\">\n\t\t<div class=\"elementor-element elementor-element-faa9929 e-con-full e-flex e-con e-child\" data-id=\"faa9929\" data-element_type=\"container\" data-e-type=\"container\" data-settings=\"{&quot;background_background&quot;:&quot;classic&quot;}\">\n\t\t\t\t<div class=\"elementor-element elementor-element-636e842 elementor-widget elementor-widget-image\" data-id=\"636e842\" data-element_type=\"widget\" data-e-type=\"widget\" data-widget_type=\"image.default\">\n\t\t\t\t<div class=\"elementor-widget-container\">\n\t\t\t\t\t\t\t\t\t\t\t\t\t\t\t<img fetchpriority=\"high\" decoding=\"async\" width=\"1024\" height=\"1024\" src=\"https:\/\/xn--natucaaai-w3a.com.br\/wp-content\/uploads\/2026\/02\/MG_0258-1024x1024.webp\" class=\"attachment-large size-large wp-image-2916\" alt=\"\" srcset=\"https:\/\/xn--natucaaai-w3a.com.br\/wp-content\/uploads\/2026\/02\/MG_0258-1024x1024.webp 1024w, https:\/\/xn--natucaaai-w3a.com.br\/wp-content\/uploads\/2026\/02\/MG_0258-300x300.webp 300w, https:\/\/xn--natucaaai-w3a.com.br\/wp-content\/uploads\/2026\/02\/MG_0258-150x150.webp 150w, https:\/\/xn--natucaaai-w3a.com.br\/wp-content\/uploads\/2026\/02\/MG_0258-768x768.webp 768w, https:\/\/xn--natucaaai-w3a.com.br\/wp-content\/uploads\/2026\/02\/MG_0258-1536x1536.webp 1536w, https:\/\/xn--natucaaai-w3a.com.br\/wp-content\/uploads\/2026\/02\/MG_0258-230x230.webp 230w, https:\/\/xn--natucaaai-w3a.com.br\/wp-content\/uploads\/2026\/02\/MG_0258-400x400.webp 400w, https:\/\/xn--natucaaai-w3a.com.br\/wp-content\/uploads\/2026\/02\/MG_0258-600x600.webp 600w, https:\/\/xn--natucaaai-w3a.com.br\/wp-content\/uploads\/2026\/02\/MG_0258-640x640.webp 640w, https:\/\/xn--natucaaai-w3a.com.br\/wp-content\/uploads\/2026\/02\/MG_0258.webp 1969w\" sizes=\"(max-width: 1024px) 100vw, 1024px\" \/>\t\t\t\t\t\t\t\t\t\t\t\t\t\t\t<\/div>\n\t\t\t\t<\/div>\n\t\t<div class=\"elementor-element elementor-element-82eb5a6 e-con-full e-flex e-con e-child\" data-id=\"82eb5a6\" data-element_type=\"container\" data-e-type=\"container\" data-settings=\"{&quot;background_background&quot;:&quot;classic&quot;}\">\n\t\t\t\t<div class=\"elementor-element elementor-element-d6500fc elementor-widget elementor-widget-heading\" data-id=\"d6500fc\" data-element_type=\"widget\" data-e-type=\"widget\" data-widget_type=\"heading.default\">\n\t\t\t\t<div class=\"elementor-widget-container\">\n\t\t\t\t\t<h2 class=\"elementor-heading-title elementor-size-default\">PI\u00daMA - ES<\/h2>\t\t\t\t<\/div>\n\t\t\t\t<\/div>\n\t\t\t\t<div class=\"elementor-element elementor-element-bea04b8 elementor-widget__width-initial elementor-widget elementor-widget-text-editor\" data-id=\"bea04b8\" data-element_type=\"widget\" data-e-type=\"widget\" data-widget_type=\"text-editor.default\">\n\t\t\t\t<div class=\"elementor-widget-container\">\n\t\t\t\t\t\t\t\t\t<p>Av. Isaias Scherrer, 41 &#8211; Loja 2 &#8211; Centro, Pi\u00fama &#8211; ES, 29285-000.<\/p>\t\t\t\t\t\t\t\t<\/div>\n\t\t\t\t<\/div>\n\t\t\t\t<div class=\"elementor-element elementor-element-ca40ae3 elementor-widget elementor-widget-button\" data-id=\"ca40ae3\" data-element_type=\"widget\" data-e-type=\"widget\" data-widget_type=\"button.default\">\n\t\t\t\t<div class=\"elementor-widget-container\">\n\t\t\t\t\t\t\t\t\t<div class=\"elementor-button-wrapper\">\n\t\t\t\t\t<a class=\"elementor-button elementor-button-link elementor-size-sm\" href=\"https:\/\/maps.app.goo.gl\/w8oUwzjXkhF1sTG96\" target=\"_blank\">\n\t\t\t\t\t\t<span class=\"elementor-button-content-wrapper\">\n\t\t\t\t\t\t\t\t\t<span class=\"elementor-button-text\">Como chegar<\/span>\n\t\t\t\t\t<\/span>\n\t\t\t\t\t<\/a>\n\t\t\t\t<\/div>\n\t\t\t\t\t\t\t\t<\/div>\n\t\t\t\t<\/div>\n\t\t\t\t<\/div>\n\t\t\t\t<\/div>\n\t\t<div class=\"elementor-element elementor-element-4a77bc6 e-con-full e-flex e-con e-child\" data-id=\"4a77bc6\" data-element_type=\"container\" data-e-type=\"container\" data-settings=\"{&quot;background_background&quot;:&quot;classic&quot;}\">\n\t\t\t\t<div class=\"elementor-element elementor-element-9a9c8ba elementor-widget elementor-widget-image\" data-id=\"9a9c8ba\" data-element_type=\"widget\" data-e-type=\"widget\" data-widget_type=\"image.default\">\n\t\t\t\t<div class=\"elementor-widget-container\">\n\t\t\t\t\t\t\t\t\t\t\t\t\t\t\t<img decoding=\"async\" width=\"1024\" height=\"1024\" src=\"https:\/\/xn--natucaaai-w3a.com.br\/wp-content\/uploads\/2026\/02\/IMG_9405-1024x1024.webp\" class=\"attachment-large size-large wp-image-2877\" alt=\"\" srcset=\"https:\/\/xn--natucaaai-w3a.com.br\/wp-content\/uploads\/2026\/02\/IMG_9405-1024x1024.webp 1024w, https:\/\/xn--natucaaai-w3a.com.br\/wp-content\/uploads\/2026\/02\/IMG_9405-300x300.webp 300w, https:\/\/xn--natucaaai-w3a.com.br\/wp-content\/uploads\/2026\/02\/IMG_9405-150x150.webp 150w, https:\/\/xn--natucaaai-w3a.com.br\/wp-content\/uploads\/2026\/02\/IMG_9405-768x768.webp 768w, https:\/\/xn--natucaaai-w3a.com.br\/wp-content\/uploads\/2026\/02\/IMG_9405-1536x1536.webp 1536w, https:\/\/xn--natucaaai-w3a.com.br\/wp-content\/uploads\/2026\/02\/IMG_9405-2048x2048.webp 2048w, https:\/\/xn--natucaaai-w3a.com.br\/wp-content\/uploads\/2026\/02\/IMG_9405-230x230.webp 230w, https:\/\/xn--natucaaai-w3a.com.br\/wp-content\/uploads\/2026\/02\/IMG_9405-400x400.webp 400w, https:\/\/xn--natucaaai-w3a.com.br\/wp-content\/uploads\/2026\/02\/IMG_9405-600x600.webp 600w, https:\/\/xn--natucaaai-w3a.com.br\/wp-content\/uploads\/2026\/02\/IMG_9405-640x640.webp 640w\" sizes=\"(max-width: 1024px) 100vw, 1024px\" \/>\t\t\t\t\t\t\t\t\t\t\t\t\t\t\t<\/div>\n\t\t\t\t<\/div>\n\t\t<div class=\"elementor-element elementor-element-da1ce22 e-con-full e-flex e-con e-child\" data-id=\"da1ce22\" data-element_type=\"container\" data-e-type=\"container\" data-settings=\"{&quot;background_background&quot;:&quot;classic&quot;}\">\n\t\t\t\t<div class=\"elementor-element elementor-element-62cd81a elementor-widget elementor-widget-heading\" data-id=\"62cd81a\" data-element_type=\"widget\" data-e-type=\"widget\" data-widget_type=\"heading.default\">\n\t\t\t\t<div class=\"elementor-widget-container\">\n\t\t\t\t\t<h2 class=\"elementor-heading-title elementor-size-default\">VILA VELHA - ES<\/h2>\t\t\t\t<\/div>\n\t\t\t\t<\/div>\n\t\t\t\t<div class=\"elementor-element elementor-element-21fe124 elementor-widget__width-initial elementor-widget elementor-widget-text-editor\" data-id=\"21fe124\" data-element_type=\"widget\" data-e-type=\"widget\" data-widget_type=\"text-editor.default\">\n\t\t\t\t<div class=\"elementor-widget-container\">\n\t\t\t\t\t\t\t\t\t<p>Av. Estudante Jos\u00e9 J\u00falio de Souza, 901, Loja F, Itapu\u00e3 Gran Park, Itapu\u00e3.<\/p>\t\t\t\t\t\t\t\t<\/div>\n\t\t\t\t<\/div>\n\t\t\t\t<div class=\"elementor-element elementor-element-97569a6 elementor-widget elementor-widget-button\" data-id=\"97569a6\" data-element_type=\"widget\" data-e-type=\"widget\" data-widget_type=\"button.default\">\n\t\t\t\t<div class=\"elementor-widget-container\">\n\t\t\t\t\t\t\t\t\t<div class=\"elementor-button-wrapper\">\n\t\t\t\t\t<a class=\"elementor-button elementor-button-link elementor-size-sm\" href=\"https:\/\/maps.app.goo.gl\/sGAMWXboLpWF22LT7\" target=\"_blank\">\n\t\t\t\t\t\t<span class=\"elementor-button-content-wrapper\">\n\t\t\t\t\t\t\t\t\t<span class=\"elementor-button-text\">Como chegar<\/span>\n\t\t\t\t\t<\/span>\n\t\t\t\t\t<\/a>\n\t\t\t\t<\/div>\n\t\t\t\t\t\t\t\t<\/div>\n\t\t\t\t<\/div>\n\t\t\t\t<\/div>\n\t\t\t\t<\/div>\n\t\t<div class=\"elementor-element elementor-element-3f93fbd e-con-full e-flex e-con e-child\" data-id=\"3f93fbd\" data-element_type=\"container\" data-e-type=\"container\" data-settings=\"{&quot;background_background&quot;:&quot;classic&quot;}\">\n\t\t\t\t<div class=\"elementor-element elementor-element-72a397e elementor-widget elementor-widget-image\" data-id=\"72a397e\" data-element_type=\"widget\" data-e-type=\"widget\" data-widget_type=\"image.default\">\n\t\t\t\t<div class=\"elementor-widget-container\">\n\t\t\t\t\t\t\t\t\t\t\t\t\t\t\t<img decoding=\"async\" width=\"1024\" height=\"1024\" src=\"https:\/\/xn--natucaaai-w3a.com.br\/wp-content\/uploads\/2026\/03\/lojaIpatinga_siteNatuca_grupoLamoia-1024x1024.webp\" class=\"attachment-large size-large wp-image-4008\" alt=\"\" srcset=\"https:\/\/xn--natucaaai-w3a.com.br\/wp-content\/uploads\/2026\/03\/lojaIpatinga_siteNatuca_grupoLamoia-1024x1024.webp 1024w, https:\/\/xn--natucaaai-w3a.com.br\/wp-content\/uploads\/2026\/03\/lojaIpatinga_siteNatuca_grupoLamoia-300x300.webp 300w, https:\/\/xn--natucaaai-w3a.com.br\/wp-content\/uploads\/2026\/03\/lojaIpatinga_siteNatuca_grupoLamoia-150x150.webp 150w, https:\/\/xn--natucaaai-w3a.com.br\/wp-content\/uploads\/2026\/03\/lojaIpatinga_siteNatuca_grupoLamoia-768x768.webp 768w, https:\/\/xn--natucaaai-w3a.com.br\/wp-content\/uploads\/2026\/03\/lojaIpatinga_siteNatuca_grupoLamoia-1536x1536.webp 1536w, https:\/\/xn--natucaaai-w3a.com.br\/wp-content\/uploads\/2026\/03\/lojaIpatinga_siteNatuca_grupoLamoia-230x230.webp 230w, https:\/\/xn--natucaaai-w3a.com.br\/wp-content\/uploads\/2026\/03\/lojaIpatinga_siteNatuca_grupoLamoia-400x400.webp 400w, https:\/\/xn--natucaaai-w3a.com.br\/wp-content\/uploads\/2026\/03\/lojaIpatinga_siteNatuca_grupoLamoia-600x600.webp 600w, https:\/\/xn--natucaaai-w3a.com.br\/wp-content\/uploads\/2026\/03\/lojaIpatinga_siteNatuca_grupoLamoia-640x640.webp 640w, https:\/\/xn--natucaaai-w3a.com.br\/wp-content\/uploads\/2026\/03\/lojaIpatinga_siteNatuca_grupoLamoia.webp 1921w\" sizes=\"(max-width: 1024px) 100vw, 1024px\" \/>\t\t\t\t\t\t\t\t\t\t\t\t\t\t\t<\/div>\n\t\t\t\t<\/div>\n\t\t<div class=\"elementor-element elementor-element-67eeb85 e-con-full e-flex e-con e-child\" data-id=\"67eeb85\" data-element_type=\"container\" data-e-type=\"container\" data-settings=\"{&quot;background_background&quot;:&quot;classic&quot;}\">\n\t\t\t\t<div class=\"elementor-element elementor-element-af6b839 elementor-widget elementor-widget-heading\" data-id=\"af6b839\" data-element_type=\"widget\" data-e-type=\"widget\" data-widget_type=\"heading.default\">\n\t\t\t\t<div class=\"elementor-widget-container\">\n\t\t\t\t\t<h2 class=\"elementor-heading-title elementor-size-default\">IPATINGA - MG<\/h2>\t\t\t\t<\/div>\n\t\t\t\t<\/div>\n\t\t\t\t<div class=\"elementor-element elementor-element-9decfe9 elementor-widget__width-initial elementor-widget elementor-widget-text-editor\" data-id=\"9decfe9\" data-element_type=\"widget\" data-e-type=\"widget\" data-widget_type=\"text-editor.default\">\n\t\t\t\t<div class=\"elementor-widget-container\">\n\t\t\t\t\t\t\t\t\t<p>Av. Maria Jorge Selim de Sales, s\/n\u00ba, Centro.<\/p>\t\t\t\t\t\t\t\t<\/div>\n\t\t\t\t<\/div>\n\t\t\t\t<div class=\"elementor-element elementor-element-d1adf1c elementor-hidden-widescreen elementor-hidden-desktop elementor-hidden-laptop elementor-hidden-tablet_extra elementor-hidden-tablet elementor-hidden-mobile_extra elementor-hidden-mobile elementor-widget elementor-widget-button\" data-id=\"d1adf1c\" data-element_type=\"widget\" data-e-type=\"widget\" data-widget_type=\"button.default\">\n\t\t\t\t<div class=\"elementor-widget-container\">\n\t\t\t\t\t\t\t\t\t<div class=\"elementor-button-wrapper\">\n\t\t\t\t\t<a class=\"elementor-button elementor-button-link elementor-size-sm\" href=\"https:\/\/maps.app.goo.gl\/sGAMWXboLpWF22LT7\" target=\"_blank\">\n\t\t\t\t\t\t<span class=\"elementor-button-content-wrapper\">\n\t\t\t\t\t\t\t\t\t<span class=\"elementor-button-text\">Como chegar<\/span>\n\t\t\t\t\t<\/span>\n\t\t\t\t\t<\/a>\n\t\t\t\t<\/div>\n\t\t\t\t\t\t\t\t<\/div>\n\t\t\t\t<\/div>\n\t\t\t\t<\/div>\n\t\t\t\t<\/div>\n\t\t<div class=\"elementor-element elementor-element-e205f82 e-con-full e-flex e-con e-child\" data-id=\"e205f82\" data-element_type=\"container\" data-e-type=\"container\" data-settings=\"{&quot;background_background&quot;:&quot;classic&quot;}\">\n\t\t\t\t<div class=\"elementor-element elementor-element-a7c7fec elementor-widget elementor-widget-image\" data-id=\"a7c7fec\" data-element_type=\"widget\" data-e-type=\"widget\" data-widget_type=\"image.default\">\n\t\t\t\t<div class=\"elementor-widget-container\">\n\t\t\t\t\t\t\t\t\t\t\t\t\t\t\t<img loading=\"lazy\" decoding=\"async\" width=\"1024\" height=\"1024\" src=\"https:\/\/xn--natucaaai-w3a.com.br\/wp-content\/uploads\/2026\/03\/lojaValadares_siteNatuca_grupoLamoia-1024x1024.webp\" class=\"attachment-large size-large wp-image-4012\" alt=\"\" srcset=\"https:\/\/xn--natucaaai-w3a.com.br\/wp-content\/uploads\/2026\/03\/lojaValadares_siteNatuca_grupoLamoia-1024x1024.webp 1024w, https:\/\/xn--natucaaai-w3a.com.br\/wp-content\/uploads\/2026\/03\/lojaValadares_siteNatuca_grupoLamoia-300x300.webp 300w, https:\/\/xn--natucaaai-w3a.com.br\/wp-content\/uploads\/2026\/03\/lojaValadares_siteNatuca_grupoLamoia-150x150.webp 150w, https:\/\/xn--natucaaai-w3a.com.br\/wp-content\/uploads\/2026\/03\/lojaValadares_siteNatuca_grupoLamoia-768x768.webp 768w, https:\/\/xn--natucaaai-w3a.com.br\/wp-content\/uploads\/2026\/03\/lojaValadares_siteNatuca_grupoLamoia-1536x1536.webp 1536w, https:\/\/xn--natucaaai-w3a.com.br\/wp-content\/uploads\/2026\/03\/lojaValadares_siteNatuca_grupoLamoia-230x230.webp 230w, https:\/\/xn--natucaaai-w3a.com.br\/wp-content\/uploads\/2026\/03\/lojaValadares_siteNatuca_grupoLamoia-400x400.webp 400w, https:\/\/xn--natucaaai-w3a.com.br\/wp-content\/uploads\/2026\/03\/lojaValadares_siteNatuca_grupoLamoia-600x600.webp 600w, https:\/\/xn--natucaaai-w3a.com.br\/wp-content\/uploads\/2026\/03\/lojaValadares_siteNatuca_grupoLamoia-640x640.webp 640w, https:\/\/xn--natucaaai-w3a.com.br\/wp-content\/uploads\/2026\/03\/lojaValadares_siteNatuca_grupoLamoia.webp 1921w\" sizes=\"(max-width: 1024px) 100vw, 1024px\" \/>\t\t\t\t\t\t\t\t\t\t\t\t\t\t\t<\/div>\n\t\t\t\t<\/div>\n\t\t<div class=\"elementor-element elementor-element-322094e e-con-full e-flex e-con e-child\" data-id=\"322094e\" data-element_type=\"container\" data-e-type=\"container\" data-settings=\"{&quot;background_background&quot;:&quot;classic&quot;}\">\n\t\t\t\t<div class=\"elementor-element elementor-element-9335ae0 elementor-widget elementor-widget-heading\" data-id=\"9335ae0\" data-element_type=\"widget\" data-e-type=\"widget\" data-widget_type=\"heading.default\">\n\t\t\t\t<div class=\"elementor-widget-container\">\n\t\t\t\t\t<h2 class=\"elementor-heading-title elementor-size-default\">governador valadares - MG<\/h2>\t\t\t\t<\/div>\n\t\t\t\t<\/div>\n\t\t\t\t<div class=\"elementor-element elementor-element-ef71729 elementor-widget__width-initial elementor-widget elementor-widget-text-editor\" data-id=\"ef71729\" data-element_type=\"widget\" data-e-type=\"widget\" data-widget_type=\"text-editor.default\">\n\t\t\t\t<div class=\"elementor-widget-container\">\n\t\t\t\t\t\t\t\t\t<p>Rua Benjamin Constant, n\u00b0 381, Centro, esquina com Caio Martins.<\/p>\t\t\t\t\t\t\t\t<\/div>\n\t\t\t\t<\/div>\n\t\t\t\t<div class=\"elementor-element elementor-element-0ad9f8e elementor-hidden-widescreen elementor-hidden-desktop elementor-hidden-laptop elementor-hidden-tablet_extra elementor-hidden-tablet elementor-hidden-mobile_extra elementor-hidden-mobile elementor-widget elementor-widget-button\" data-id=\"0ad9f8e\" data-element_type=\"widget\" data-e-type=\"widget\" data-widget_type=\"button.default\">\n\t\t\t\t<div class=\"elementor-widget-container\">\n\t\t\t\t\t\t\t\t\t<div class=\"elementor-button-wrapper\">\n\t\t\t\t\t<a class=\"elementor-button elementor-button-link elementor-size-sm\" href=\"https:\/\/maps.app.goo.gl\/sGAMWXboLpWF22LT7\" target=\"_blank\">\n\t\t\t\t\t\t<span class=\"elementor-button-content-wrapper\">\n\t\t\t\t\t\t\t\t\t<span class=\"elementor-button-text\">Como chegar<\/span>\n\t\t\t\t\t<\/span>\n\t\t\t\t\t<\/a>\n\t\t\t\t<\/div>\n\t\t\t\t\t\t\t\t<\/div>\n\t\t\t\t<\/div>\n\t\t\t\t<\/div>\n\t\t\t\t<\/div>\n\t\t\t\t\t<\/div>\n\t\t\t\t<\/div>\n\t\t\t\t<\/div>\n\t\t","protected":false},"excerpt":{"rendered":"<p>PI\u00daMA &#8211; ES Av. Isaias Scherrer, 41 &#8211; Loja 2 &#8211; Centro, Pi\u00fama &#8211; ES, 29285-000. Como chegar VILA VELHA &#8211; ES Av. Estudante Jos\u00e9 J\u00falio de Souza, 901, Loja F, Itapu\u00e3 Gran Park, Itapu\u00e3. Como chegar IPATINGA &#8211; MG Av. Maria Jorge Selim de Sales, s\/n\u00ba, Centro. Como chegar governador valadares &#8211; MG Rua [&hellip;]<\/p>\n","protected":false},"author":1,"featured_media":0,"parent":0,"menu_order":0,"comment_status":"closed","ping_status":"closed","template":"elementor_header_footer","meta":{"footnotes":""},"class_list":["post-38","page","type-page","status-publish","hentry"],"_links":{"self":[{"href":"https:\/\/xn--natucaaai-w3a.com.br\/home\/wp-json\/wp\/v2\/pages\/38","targetHints":{"allow":["GET"]}}],"collection":[{"href":"https:\/\/xn--natucaaai-w3a.com.br\/home\/wp-json\/wp\/v2\/pages"}],"about":[{"href":"https:\/\/xn--natucaaai-w3a.com.br\/home\/wp-json\/wp\/v2\/types\/page"}],"author":[{"embeddable":true,"href":"https:\/\/xn--natucaaai-w3a.com.br\/home\/wp-json\/wp\/v2\/users\/1"}],"replies":[{"embeddable":true,"href":"https:\/\/xn--natucaaai-w3a.com.br\/home\/wp-json\/wp\/v2\/comments?post=38"}],"version-history":[{"count":175,"href":"https:\/\/xn--natucaaai-w3a.com.br\/home\/wp-json\/wp\/v2\/pages\/38\/revisions"}],"predecessor-version":[{"id":4019,"href":"https:\/\/xn--natucaaai-w3a.com.br\/home\/wp-json\/wp\/v2\/pages\/38\/revisions\/4019"}],"wp:attachment":[{"href":"https:\/\/xn--natucaaai-w3a.com.br\/home\/wp-json\/wp\/v2\/media?parent=38"}],"curies":[{"name":"wp","href":"https:\/\/api.w.org\/{rel}","templated":true}]}}