{"id":2657,"date":"2026-02-19T18:53:12","date_gmt":"2026-02-19T18:53:12","guid":{"rendered":"https:\/\/xn--natucaaai-w3a.com.br\/home\/?page_id=2657"},"modified":"2026-02-25T13:54:30","modified_gmt":"2026-02-25T13:54:30","slug":"politica-privacidade-copy","status":"publish","type":"page","link":"https:\/\/xn--natucaaai-w3a.com.br\/home\/politica-privacidade-copy\/","title":{"rendered":"Termo de Uso"},"content":{"rendered":"\t\t<div data-elementor-type=\"wp-page\" data-elementor-id=\"2657\" class=\"elementor elementor-2657\" data-elementor-post-type=\"page\">\n\t\t\t\t<div class=\"elementor-element elementor-element-1087957b e-flex e-con-boxed e-con e-parent\" data-id=\"1087957b\" data-element_type=\"container\" data-e-type=\"container\" data-settings=\"{&quot;background_background&quot;:&quot;classic&quot;}\">\n\t\t\t\t\t<div class=\"e-con-inner\">\n\t\t\t\t<div class=\"elementor-element elementor-element-aa2324f elementor-widget elementor-widget-heading\" data-id=\"aa2324f\" data-element_type=\"widget\" data-e-type=\"widget\" data-widget_type=\"heading.default\">\n\t\t\t\t<div class=\"elementor-widget-container\">\n\t\t\t\t\t<h2 class=\"elementor-heading-title elementor-size-default\">1. Termos<\/h2>\t\t\t\t<\/div>\n\t\t\t\t<\/div>\n\t\t\t\t<div class=\"elementor-element elementor-element-b42ba23 elementor-widget elementor-widget-text-editor\" data-id=\"b42ba23\" data-element_type=\"widget\" data-e-type=\"widget\" data-widget_type=\"text-editor.default\">\n\t\t\t\t<div class=\"elementor-widget-container\">\n\t\t\t\t\t\t\t\t\t<p>Ao acessar ao site Natuca, concorda em cumprir estes termos de servi\u00e7o, todas as leis e regulamentos aplic\u00e1veis \u200b\u200be concorda que \u00e9 respons\u00e1vel pelo cumprimento de todas as leis locais aplic\u00e1veis. Se voc\u00ea n\u00e3o concordar com algum desses termos, est\u00e1 proibido de usar ou acessar este site. Os materiais contidos neste site s\u00e3o protegidos pelas leis de direitos autorais e marcas comerciais aplic\u00e1veis.<\/p>\t\t\t\t\t\t\t\t<\/div>\n\t\t\t\t<\/div>\n\t\t\t\t<div class=\"elementor-element elementor-element-370a43f elementor-widget elementor-widget-heading\" data-id=\"370a43f\" data-element_type=\"widget\" data-e-type=\"widget\" data-widget_type=\"heading.default\">\n\t\t\t\t<div class=\"elementor-widget-container\">\n\t\t\t\t\t<h2 class=\"elementor-heading-title elementor-size-default\">2. Uso de Licen\u00e7a<\/h2>\t\t\t\t<\/div>\n\t\t\t\t<\/div>\n\t\t\t\t<div class=\"elementor-element elementor-element-d7accb8 elementor-widget elementor-widget-text-editor\" data-id=\"d7accb8\" data-element_type=\"widget\" data-e-type=\"widget\" data-widget_type=\"text-editor.default\">\n\t\t\t\t<div class=\"elementor-widget-container\">\n\t\t\t\t\t\t\t\t\t<p>\u00c9 concedida permiss\u00e3o para baixar temporariamente uma c\u00f3pia dos materiais (informa\u00e7\u00f5es ou software) no site Natuca , apenas para visualiza\u00e7\u00e3o transit\u00f3ria pessoal e n\u00e3o comercial. Esta \u00e9 a concess\u00e3o de uma licen\u00e7a, n\u00e3o uma transfer\u00eancia de t\u00edtulo e, sob esta licen\u00e7a, voc\u00ea n\u00e3o pode: modificar ou copiar os materiais; usar os materiais para qualquer finalidade comercial ou para exibi\u00e7\u00e3o p\u00fablica (comercial ou n\u00e3o comercial); tentar descomplicar ou fazer engenharia reversa de qualquer software contido no site Natuca; remover quaisquer direitos autorais ou outras nota\u00e7\u00f5es de propriedade dos materiais; ou transferir os materiais para outra pessoa ou &#8216;espelhe&#8217; os materiais em qualquer outro servidor. Esta licen\u00e7a ser\u00e1 automaticamente rescindida se voc\u00ea violar alguma dessas restri\u00e7\u00f5es e poder\u00e1 ser rescindida por Natuca a qualquer momento. Ao encerrar a visualiza\u00e7\u00e3o desses materiais ou ap\u00f3s o t\u00e9rmino desta licen\u00e7a, voc\u00ea deve apagar todos os materiais baixados em sua posse, seja em formato eletr\u00f4nico ou impresso.<\/p>\t\t\t\t\t\t\t\t<\/div>\n\t\t\t\t<\/div>\n\t\t\t\t<div class=\"elementor-element elementor-element-b49cc6d elementor-widget elementor-widget-heading\" data-id=\"b49cc6d\" data-element_type=\"widget\" data-e-type=\"widget\" data-widget_type=\"heading.default\">\n\t\t\t\t<div class=\"elementor-widget-container\">\n\t\t\t\t\t<h2 class=\"elementor-heading-title elementor-size-default\">3. Isen\u00e7\u00e3o de responsabilidade<\/h2>\t\t\t\t<\/div>\n\t\t\t\t<\/div>\n\t\t\t\t<div class=\"elementor-element elementor-element-5a655f3 elementor-widget elementor-widget-text-editor\" data-id=\"5a655f3\" data-element_type=\"widget\" data-e-type=\"widget\" data-widget_type=\"text-editor.default\">\n\t\t\t\t<div class=\"elementor-widget-container\">\n\t\t\t\t\t\t\t\t\t<p>Os materiais no site da Natuca s\u00e3o fornecidos &#8216;como est\u00e3o&#8217;. Natuca n\u00e3o oferece garantias, expressas ou impl\u00edcitas, e, por este meio, isenta e nega todas as outras garantias, incluindo, sem limita\u00e7\u00e3o, garantias impl\u00edcitas ou condi\u00e7\u00f5es de comercializa\u00e7\u00e3o, adequa\u00e7\u00e3o a um fim espec\u00edfico ou n\u00e3o viola\u00e7\u00e3o de propriedade intelectual ou outra viola\u00e7\u00e3o de direitos. Al\u00e9m disso, o Natuca n\u00e3o garante ou faz qualquer representa\u00e7\u00e3o relativa \u00e0 precis\u00e3o, aos resultados prov\u00e1veis \u200b\u200bou \u00e0 confiabilidade do uso dos materiais em seu site ou de outra forma relacionado a esses materiais ou em sites vinculados a este site.<\/p>\t\t\t\t\t\t\t\t<\/div>\n\t\t\t\t<\/div>\n\t\t\t\t<div class=\"elementor-element elementor-element-85717aa elementor-widget elementor-widget-heading\" data-id=\"85717aa\" data-element_type=\"widget\" data-e-type=\"widget\" data-widget_type=\"heading.default\">\n\t\t\t\t<div class=\"elementor-widget-container\">\n\t\t\t\t\t<h2 class=\"elementor-heading-title elementor-size-default\">4. Limita\u00e7\u00f5es<\/h2>\t\t\t\t<\/div>\n\t\t\t\t<\/div>\n\t\t\t\t<div class=\"elementor-element elementor-element-3a2a41f elementor-widget elementor-widget-text-editor\" data-id=\"3a2a41f\" data-element_type=\"widget\" data-e-type=\"widget\" data-widget_type=\"text-editor.default\">\n\t\t\t\t<div class=\"elementor-widget-container\">\n\t\t\t\t\t\t\t\t\t<p>Em nenhum caso o Natuca ou seus fornecedores ser\u00e3o respons\u00e1veis \u200b\u200bpor quaisquer danos (incluindo, sem limita\u00e7\u00e3o, danos por perda de dados ou lucro ou devido a interrup\u00e7\u00e3o dos neg\u00f3cios) decorrentes do uso ou da incapacidade de usar os materiais em Natuca, mesmo que Natuca ou um representante autorizado da Natuca tenha sido notificado oralmente ou por escrito da possibilidade de tais danos. Como algumas jurisdi\u00e7\u00f5es n\u00e3o permitem limita\u00e7\u00f5es em garantias impl\u00edcitas, ou limita\u00e7\u00f5es de responsabilidade por danos consequentes ou incidentais, essas limita\u00e7\u00f5es podem n\u00e3o se aplicar a voc\u00ea.<\/p>\t\t\t\t\t\t\t\t<\/div>\n\t\t\t\t<\/div>\n\t\t\t\t<div class=\"elementor-element elementor-element-8797ffc elementor-widget elementor-widget-heading\" data-id=\"8797ffc\" data-element_type=\"widget\" data-e-type=\"widget\" data-widget_type=\"heading.default\">\n\t\t\t\t<div class=\"elementor-widget-container\">\n\t\t\t\t\t<h2 class=\"elementor-heading-title elementor-size-default\">5. Precis\u00e3o dos materiais<\/h2>\t\t\t\t<\/div>\n\t\t\t\t<\/div>\n\t\t\t\t<div class=\"elementor-element elementor-element-09a23a5 elementor-widget elementor-widget-text-editor\" data-id=\"09a23a5\" data-element_type=\"widget\" data-e-type=\"widget\" data-widget_type=\"text-editor.default\">\n\t\t\t\t<div class=\"elementor-widget-container\">\n\t\t\t\t\t\t\t\t\t<p>Os materiais exibidos no site da Natuca podem incluir erros t\u00e9cnicos, tipogr\u00e1ficos ou fotogr\u00e1ficos. Natuca n\u00e3o garante que qualquer material em seu site seja preciso, completo ou atual. Natuca pode fazer altera\u00e7\u00f5es nos materiais contidos em seu site a qualquer momento, sem aviso pr\u00e9vio. No entanto, Natuca n\u00e3o se compromete a atualizar os materiais.<\/p>\t\t\t\t\t\t\t\t<\/div>\n\t\t\t\t<\/div>\n\t\t\t\t<div class=\"elementor-element elementor-element-36f9f2b elementor-widget elementor-widget-heading\" data-id=\"36f9f2b\" data-element_type=\"widget\" data-e-type=\"widget\" data-widget_type=\"heading.default\">\n\t\t\t\t<div class=\"elementor-widget-container\">\n\t\t\t\t\t<h2 class=\"elementor-heading-title elementor-size-default\">6. Links<\/h2>\t\t\t\t<\/div>\n\t\t\t\t<\/div>\n\t\t\t\t<div class=\"elementor-element elementor-element-1c454e5 elementor-widget elementor-widget-text-editor\" data-id=\"1c454e5\" data-element_type=\"widget\" data-e-type=\"widget\" data-widget_type=\"text-editor.default\">\n\t\t\t\t<div class=\"elementor-widget-container\">\n\t\t\t\t\t\t\t\t\t<p>O Natuca n\u00e3o analisou todos os sites vinculados ao seu site e n\u00e3o \u00e9 respons\u00e1vel pelo conte\u00fado de nenhum site vinculado. A inclus\u00e3o de qualquer link n\u00e3o implica endosso por Natuca do site. O uso de qualquer site vinculado \u00e9 por conta e risco do usu\u00e1rio.<\/p>\t\t\t\t\t\t\t\t<\/div>\n\t\t\t\t<\/div>\n\t\t\t\t<div class=\"elementor-element elementor-element-617d403 elementor-widget elementor-widget-heading\" data-id=\"617d403\" data-element_type=\"widget\" data-e-type=\"widget\" data-widget_type=\"heading.default\">\n\t\t\t\t<div class=\"elementor-widget-container\">\n\t\t\t\t\t<h2 class=\"elementor-heading-title elementor-size-default\">Modifica\u00e7\u00f5es<\/h2>\t\t\t\t<\/div>\n\t\t\t\t<\/div>\n\t\t\t\t<div class=\"elementor-element elementor-element-8f5efc9 elementor-widget elementor-widget-text-editor\" data-id=\"8f5efc9\" data-element_type=\"widget\" data-e-type=\"widget\" data-widget_type=\"text-editor.default\">\n\t\t\t\t<div class=\"elementor-widget-container\">\n\t\t\t\t\t\t\t\t\t<p>O Natuca pode revisar estes termos de servi\u00e7o do site a qualquer momento, sem aviso pr\u00e9vio. Ao usar este site, voc\u00ea concorda em ficar vinculado \u00e0 vers\u00e3o atual desses termos de servi\u00e7o.<\/p>\t\t\t\t\t\t\t\t<\/div>\n\t\t\t\t<\/div>\n\t\t\t\t<div class=\"elementor-element elementor-element-71efc9c elementor-widget elementor-widget-heading\" data-id=\"71efc9c\" data-element_type=\"widget\" data-e-type=\"widget\" data-widget_type=\"heading.default\">\n\t\t\t\t<div class=\"elementor-widget-container\">\n\t\t\t\t\t<h2 class=\"elementor-heading-title elementor-size-default\">Lei aplic\u00e1vel<\/h2>\t\t\t\t<\/div>\n\t\t\t\t<\/div>\n\t\t\t\t<div class=\"elementor-element elementor-element-350e048d elementor-widget elementor-widget-text-editor\" data-id=\"350e048d\" data-element_type=\"widget\" data-e-type=\"widget\" data-widget_type=\"text-editor.default\">\n\t\t\t\t<div class=\"elementor-widget-container\">\n\t\t\t\t\t\t\t\t\t<p>Estes termos e condi\u00e7\u00f5es s\u00e3o regidos e interpretados de acordo com as leis do Natuca e voc\u00ea se submete irrevogavelmente \u00e0 jurisdi\u00e7\u00e3o exclusiva dos tribunais naquele estado ou localidade.<\/p>\t\t\t\t\t\t\t\t<\/div>\n\t\t\t\t<\/div>\n\t\t\t\t\t<\/div>\n\t\t\t\t<\/div>\n\t\t\t\t<\/div>\n\t\t","protected":false},"excerpt":{"rendered":"<p>1. Termos Ao acessar ao site Natuca, concorda em cumprir estes termos de servi\u00e7o, todas as leis e regulamentos aplic\u00e1veis \u200b\u200be concorda que \u00e9 respons\u00e1vel pelo cumprimento de todas as leis locais aplic\u00e1veis. Se voc\u00ea n\u00e3o concordar com algum desses termos, est\u00e1 proibido de usar ou acessar este site. Os materiais contidos neste site s\u00e3o [&hellip;]<\/p>\n","protected":false},"author":1,"featured_media":0,"parent":0,"menu_order":0,"comment_status":"closed","ping_status":"closed","template":"elementor_header_footer","meta":{"footnotes":""},"class_list":["post-2657","page","type-page","status-publish","hentry"],"_links":{"self":[{"href":"https:\/\/xn--natucaaai-w3a.com.br\/home\/wp-json\/wp\/v2\/pages\/2657","targetHints":{"allow":["GET"]}}],"collection":[{"href":"https:\/\/xn--natucaaai-w3a.com.br\/home\/wp-json\/wp\/v2\/pages"}],"about":[{"href":"https:\/\/xn--natucaaai-w3a.com.br\/home\/wp-json\/wp\/v2\/types\/page"}],"author":[{"embeddable":true,"href":"https:\/\/xn--natucaaai-w3a.com.br\/home\/wp-json\/wp\/v2\/users\/1"}],"replies":[{"embeddable":true,"href":"https:\/\/xn--natucaaai-w3a.com.br\/home\/wp-json\/wp\/v2\/comments?post=2657"}],"version-history":[{"count":13,"href":"https:\/\/xn--natucaaai-w3a.com.br\/home\/wp-json\/wp\/v2\/pages\/2657\/revisions"}],"predecessor-version":[{"id":2998,"href":"https:\/\/xn--natucaaai-w3a.com.br\/home\/wp-json\/wp\/v2\/pages\/2657\/revisions\/2998"}],"wp:attachment":[{"href":"https:\/\/xn--natucaaai-w3a.com.br\/home\/wp-json\/wp\/v2\/media?parent=2657"}],"curies":[{"name":"wp","href":"https:\/\/api.w.org\/{rel}","templated":true}]}}